{"id":2525,"date":"2012-08-11T17:52:29","date_gmt":"2012-08-11T15:52:29","guid":{"rendered":"https:\/\/aisnews.com\/?page_id=2525"},"modified":"2012-11-24T20:45:15","modified_gmt":"2012-11-24T19:45:15","slug":"%e7%bd%b0%e5%89%87%e8%a1%8c%e7%82%ba","status":"publish","type":"page","link":"https:\/\/aisnews.com\/?page_id=2525","title":{"rendered":"\u7f70\u5247\u884c\u70ba"},"content":{"rendered":"<p>ART. 20 &#8211; ATTIVIT\u00c0 VIETATE<\/p>\n<p>Gli associati A.I.S. si impegnano a non esercitare <strong>attivit\u00e0 in contrasto<\/strong> o in concorrenza con quelle dell\u2019associazione.<br \/>\nL\u2019associato che incorra in tali mancanze verr\u00e0, su segnalazione, deferito al Consiglio Nazionale, il quale decider\u00e0 ai sensi degli art. 13 e 19 dello statuto.\u00c8 fatto divieto agli associati di utilizzare il marchio A.I.S. senza la preventiva autorizzazione della G.E.N.<\/p>\n<p>20\u6761 \u7981\u6b62\u6d3b\u52d5<\/p>\n<p>AIS\u4f1a\u54e1\u306f\u5354\u4f1a\u3068\u5bfe\u7acb\u3001\u7af6\u4e89\u95a2\u4fc2\u3068\u306a\u308b\u6d3b\u52d5\u3092\u884c\u3063\u3066\u306f\u306a\u3089\u306a\u3044\u3002\u3053\u308c\u306b\u53cd\u3059\u308b\u4f1a\u54e1\u306f\u3001\u62c5\u5f53\u88c1\u5224\u5b98\u306b\u59d4\u8a17\u3055\u308c\u5b9a\u6b3e\u306e13\u6761\u300119\u6761\u306b\u3088\u308a\u61f2\u6212\u88c1\u5224\u306e\u6c7a\u8b70\u3092\u53d7\u3051\u308b\u3002\u57f7\u884c\u59d4\u54e1\u4f1a\u306e\u8a8d\u53ef\u306a\u3057\u306bAIS\u306e\u5546\u6a19\u3092\u4f7f\u7528\u3059\u308b\u4e8b\u3092\u7981\u6b62\u3059\u308b\u3002<\/p>\n<p>Art. 36 &#8211; ATTIVIT\u00c0 VIETATE \u00a0 \u00a0\uff08<strong>attivit\u00e0 in contrasto<\/strong>\uff09<\/p>\n<p>Per attivit\u00e0 in contrasto s\u2019intendono tutte le attivit\u00e0 che non corrispondono agli scopi e agli indirizzi sociali.<br \/>\nPer attivit\u00e0 in concorrenza s\u2019intendono tutte quelle che vengono esercitate dall\u2019associato al di fuori dell\u2019A.I.S. al fine di trarne un vantaggio personale, oppure senza la preventiva autorizzazione del delegato di zona o del Presidente regionale in funzione della ricaduta dell\u2019evento e che coincidono con le attivit\u00e0 culturali svolte dall\u2019A.I.S., quali, a titolo esemplificativo: corsi di formazione e\/o qualificazione, degustazioni guidate, organizzazione di manifestazioni (salvo che queste non siano funzionali alla sua attivit\u00e0), appartenenza a un\u2019associazione concorrenziale, a favore della quale presti in qualsiasi modo la sua attivit\u00e0, al di fuori di quanto \u00e8 connesso alla sua qualifica di socio.<\/p>\n<p>36\u6761 \u7981\u6b62\u6d3b\u52d5 (\u5bfe\u7acb\u6d3b\u52d5)<\/p>\n<p><strong>\u5354\u4f1a\u306e\u6d3b\u52d5\u76ee\u7684\u3068\u5408\u81f4\u305b\u305a\u3001\u5bfe\u7acb\u3092\u610f\u5473\u3059\u308b\u5168\u3066\u306e\u6d3b\u52d5\u3002<\/strong><strong>AIS<\/strong>\u00a0<strong>\u4f1a\u54e1\u4ee5\u5916\u3068\u3057\u3066\u306e\u7af6\u5408\u6d3b\u52d5\u3001<\/strong><strong> <\/strong><strong>\u500b\u4eba\u7684\u5229\u76ca\u306e\u305f\u3081\u306e\u6d3b\u52d5\u3001\u5730\u57df\u652f\u90e8\u3082\u3057\u304f\u306f\u3001\u5dde\u652f\u90e8\u306e\u7406\u4e8b\u306b\u3088\u308b\u4e8b\u524d\u8a8d\u8a3c\u3092\u5f97\u305a\u306b\u3001<\/strong><strong>AIS<\/strong><strong>\u306e\u6587\u5316\u7684\u6d3b\u52d5\u3068\u76ee\u7684\u3092\u540c\u3058\u304f\u3059\u308b\u6d3b\u52d5\u306a\u3069\u3092\u884c\u3046\u3053\u3068\u3002\u4e00\u4f8b\u3068\u3057\u3066\u3001\u990a\u6210\u30b3\u30fc\u30b9\u3001\u30bd\u30e0\u30ea\u30a8\u990a\u6210\u30b3\u30fc\u30b9\u3001\u30ac\u30a4\u30c9\u30c6\u30a4\u30b9\u30c6\u30a3\u30f3\u30b0\u3001\u30a4\u30d9\u30f3\u30c8\u306e\u904b\u55b6\uff08<\/strong><strong>AIS<\/strong><strong>\u540c\u69d8<\/strong><strong>\u306e\u6a5f\u80fd\u3092\u6301\u3064\u6d3b\u52d5\u3067\u306a\u3044\u5834\u5408\u306f\u9664\u304f\uff09\u3002\u307e\u305f\u3001\u3044\u304b\u306a\u308b\u500b\u4eba\u306e\u6d3b\u52d5\u76ee\u7684\u3084\u8cc7\u683c\u306b\u95a2\u9023\u3057\u306a\u3044\u6d3b\u52d5\u3067\u3042\u3063\u3066\u3082\u7af6\u5408\u3059\u308b\u5354\u4f1a\u3078\u306e\u6240\u5c5e\u306f\u7981\u6b62\u3055\u308c\u3066\u3044\u308b\u3002<\/strong><\/p>\n<p><a href=\"http:\/\/www.aisitalia.it\/Data\/Sites\/1\/media\/varie\/Statuto_AIS_2012.pdf\">Statuto Sociale<\/a>\u3000\u00a0 \u5354\u4f1a\u5b9a\u6b3e\u5168\u6587\u306f\u3053\u3061\u3089<a href=\"http:\/\/www.victoryag.org\/\">casino online<\/a><a href=\"http:\/\/www.victoryag.org\/\">casino online<\/a><a href=\"http:\/\/www.victoryag.org\/\">casino online<\/a><a href=\"http:\/\/www.victoryag.org\/\">casino online<\/a><\/p>\n","protected":false},"excerpt":{"rendered":"<p>ART. 20 &#8211; ATTIVIT\u00c0 VIETATE Gli associati A.I.S. si impegnano a non esercitare attivit\u00e0 in contrasto o in &hellip; <a href=\"https:\/\/aisnews.com\/?page_id=2525\">\u7d9a\u304d\u3092\u8aad\u3080 <span class=\"meta-nav\">&rarr;<\/span><\/a><\/p>\n","protected":false},"author":1,"featured_media":0,"parent":0,"menu_order":10,"comment_status":"closed","ping_status":"closed","template":"","meta":[],"_links":{"self":[{"href":"https:\/\/aisnews.com\/index.php?rest_route=\/wp\/v2\/pages\/2525"}],"collection":[{"href":"https:\/\/aisnews.com\/index.php?rest_route=\/wp\/v2\/pages"}],"about":[{"href":"https:\/\/aisnews.com\/index.php?rest_route=\/wp\/v2\/types\/page"}],"author":[{"embeddable":true,"href":"https:\/\/aisnews.com\/index.php?rest_route=\/wp\/v2\/users\/1"}],"replies":[{"embeddable":true,"href":"https:\/\/aisnews.com\/index.php?rest_route=%2Fwp%2Fv2%2Fcomments&post=2525"}],"version-history":[{"count":4,"href":"https:\/\/aisnews.com\/index.php?rest_route=\/wp\/v2\/pages\/2525\/revisions"}],"predecessor-version":[{"id":3444,"href":"https:\/\/aisnews.com\/index.php?rest_route=\/wp\/v2\/pages\/2525\/revisions\/3444"}],"wp:attachment":[{"href":"https:\/\/aisnews.com\/index.php?rest_route=%2Fwp%2Fv2%2Fmedia&parent=2525"}],"curies":[{"name":"wp","href":"https:\/\/api.w.org\/{rel}","templated":true}]}}